{"id":1157,"date":"2023-11-19T04:20:00","date_gmt":"2023-11-19T04:20:00","guid":{"rendered":"https:\/\/oi502.pro\/?page_id=1157"},"modified":"2024-08-16T09:42:53","modified_gmt":"2024-08-16T09:42:53","slug":"cookies","status":"publish","type":"page","link":"https:\/\/oi502.pro\/index.php\/cookies\/","title":{"rendered":"Cookies"},"content":{"rendered":"\t\t<div data-elementor-type=\"wp-page\" data-elementor-id=\"1157\" class=\"elementor elementor-1157\" data-elementor-post-type=\"page\">\n\t\t\t\t\t\t\t\t\t<section class=\"elementor-section elementor-top-section elementor-element elementor-element-4c3b02e elementor-section-content-middle elementor-section-boxed elementor-section-height-default elementor-section-height-default\" data-id=\"4c3b02e\" data-element_type=\"section\" data-settings=\"{&quot;background_background&quot;:&quot;classic&quot;}\">\n\t\t\t\t\t\t\t<div class=\"elementor-background-overlay\"><\/div>\n\t\t\t\t\t\t\t<div class=\"elementor-container elementor-column-gap-no\">\n\t\t\t\t\t<div class=\"elementor-column elementor-col-100 elementor-top-column elementor-element elementor-element-d342da2\" data-id=\"d342da2\" data-element_type=\"column\">\n\t\t\t<div class=\"elementor-widget-wrap elementor-element-populated\">\n\t\t\t\t\t\t\t\t<div class=\"elementor-element elementor-element-b0f3a91 elementor-widget elementor-widget-heading\" data-id=\"b0f3a91\" data-element_type=\"widget\" data-widget_type=\"heading.default\">\n\t\t\t\t<div class=\"elementor-widget-container\">\n\t\t\t<style>\/*! elementor - v3.17.0 - 08-11-2023 *\/\n.elementor-heading-title{padding:0;margin:0;line-height:1}.elementor-widget-heading .elementor-heading-title[class*=elementor-size-]>a{color:inherit;font-size:inherit;line-height:inherit}.elementor-widget-heading .elementor-heading-title.elementor-size-small{font-size:15px}.elementor-widget-heading .elementor-heading-title.elementor-size-medium{font-size:19px}.elementor-widget-heading .elementor-heading-title.elementor-size-large{font-size:29px}.elementor-widget-heading .elementor-heading-title.elementor-size-xl{font-size:39px}.elementor-widget-heading .elementor-heading-title.elementor-size-xxl{font-size:59px}<\/style><h2 class=\"elementor-heading-title elementor-size-default\">Pol\u00edtica de Cookies<\/h2>\t\t<\/div>\n\t\t\t\t<\/div>\n\t\t\t\t\t<\/div>\n\t\t<\/div>\n\t\t\t\t\t\t\t<\/div>\n\t\t<\/section>\n\t\t\t\t<section class=\"elementor-section elementor-top-section elementor-element elementor-element-ded3f28 elementor-section-boxed elementor-section-height-default elementor-section-height-default\" data-id=\"ded3f28\" data-element_type=\"section\" data-settings=\"{&quot;background_background&quot;:&quot;classic&quot;}\">\n\t\t\t\t\t\t<div class=\"elementor-container elementor-column-gap-no\">\n\t\t\t\t\t<div class=\"elementor-column elementor-col-100 elementor-top-column elementor-element elementor-element-c474cde\" data-id=\"c474cde\" data-element_type=\"column\">\n\t\t\t<div class=\"elementor-widget-wrap elementor-element-populated\">\n\t\t\t\t\t\t\t\t<div class=\"elementor-element elementor-element-43e9230 elementor-widget elementor-widget-text-editor\" data-id=\"43e9230\" data-element_type=\"widget\" data-widget_type=\"text-editor.default\">\n\t\t\t\t<div class=\"elementor-widget-container\">\n\t\t\t<style>\/*! elementor - v3.17.0 - 08-11-2023 *\/\n.elementor-widget-text-editor.elementor-drop-cap-view-stacked .elementor-drop-cap{background-color:#69727d;color:#fff}.elementor-widget-text-editor.elementor-drop-cap-view-framed .elementor-drop-cap{color:#69727d;border:3px solid;background-color:transparent}.elementor-widget-text-editor:not(.elementor-drop-cap-view-default) .elementor-drop-cap{margin-top:8px}.elementor-widget-text-editor:not(.elementor-drop-cap-view-default) .elementor-drop-cap-letter{width:1em;height:1em}.elementor-widget-text-editor .elementor-drop-cap{float:left;text-align:center;line-height:1;font-size:50px}.elementor-widget-text-editor .elementor-drop-cap-letter{display:inline-block}<\/style>\t\t\t\t<p class=\"s5\"><span class=\"s4\">En Objetivo Inmobiliario utilizamos cookies con el objetivo de prestar un mejor servicio y proporcionar a los usuarios una mejor experiencia en su navegaci\u00f3n. Queremos informarte detalladamente c\u00f3mo las utilizamos y c\u00f3mo puedes configurarlas o deshabilitarlas si as\u00ed lo deseas.<\/span><\/p>\n<h4>&nbsp;<\/h4>\n<h4 class=\"s5\"><span class=\"s6\">\u00bfQu\u00e9 es una Cookie?<\/span><\/h4>\n<p class=\"s5\"><span class=\"s4\">Una Cookie es un fichero que se descarga en tu ordenador al acceder a determinadas p\u00e1ginas web. Las cookies permiten a una p\u00e1gina web, entre otras cosas, almacenar y recuperar informaci\u00f3n sobre los h\u00e1bitos de navegaci\u00f3n de un Usuario o de su equipo y, dependiendo de la informaci\u00f3n que contengan y de la forma en que utilice su equipo, pueden utilizarse para reconocer al Usuario. Las cookies no contienen ninguna clase de informaci\u00f3n personal espec\u00edfica, y la mayor\u00eda de las mismas se borran del disco duro al finalizar la sesi\u00f3n de navegador.<\/span><\/p>\n<p class=\"s5\"><span class=\"s4\"><br>La mayor\u00eda de los navegadores aceptan como est\u00e1ndar a las cookies y, con independencia de las mismas, permiten o impiden en los ajustes de seguridad las cookies temporales o memorizadas.<\/span><\/p>\n<p><span class=\"s4\">Sin tu expreso consentimiento \u2013 mediante la activaci\u00f3n de las cookies en tu navegador \u2013 Objetivo Inmobiliario no enlazar\u00e1 en las cookies los datos memorizados con tus datos personales proporcionados en el momento del registro.<\/span><\/p>\n<h4 class=\"s5\"><span class=\"s6\"><br>Nuestras cookies nos ayudan a:<\/span><\/h4>\n<div class=\"s10\"><span class=\"s8\">\u25cb <\/span><span class=\"s9\">Mejorar la velocidad, seguridad y funcionamiento del sitio. <\/span><\/div>\n<div class=\"s11\"><span class=\"s8\">\u25cb <\/span><span class=\"s9\">Recordar tu configuraci\u00f3n cada vez que visitas el sitio web<\/span><\/div>\n<div>&nbsp;<\/div>\n<div>&nbsp;<\/div>\n<h4 class=\"s11\"><span class=\"s6\">\u00bfQu\u00e9 tipo de cookies utiliza esta p\u00e1gina web?<\/span><\/h4>\n<div class=\"s10\"><span class=\"s8\">\u25cb <\/span><strong><span class=\"s13\">Cookies propias <\/span><\/strong><span class=\"s4\">Son aquellas que se env\u00edan a tu equipo desde nuestro dominio y desde el que prestamos el servicio que nos solicitas.<\/span><\/div>\n<div class=\"s14\"><span class=\"s8\">\u25cb <\/span><strong><span class=\"s13\">Cookies de terceros <\/span><\/strong><span class=\"s4\">Permiten a terceros, propietarios de ellas obtener informaci\u00f3n sobre el uso del sitio web por parte del Usuario para la prestaci\u00f3n de servicios de Internet.<\/span><\/div>\n<div class=\"s14\"><span class=\"s8\">\u25cb <\/span><strong><span class=\"s13\">Cookies publicitarias <\/span><\/strong><span class=\"s4\">Son aqu\u00e9llas que permiten la gesti\u00f3n, de la forma m\u00e1s eficaz posible, de los espacios publicitarios que se pudieran incluir en nuestra p\u00e1gina web.<\/span><\/div>\n<div class=\"s14\"><span class=\"s8\">\u25cb <\/span><strong><span class=\"s13\">Cookies necesarias <\/span><\/strong><span class=\"s4\">Permiten al Usuario navegar por nuestra p\u00e1gina web, por ejemplo, controlar el tr\u00e1fico y la comunicaci\u00f3n de datos, identificar la sesi\u00f3n, acceder a partes de acceso restringido, recordar los elementos que integran un formulario, entre otros. &nbsp; <\/span><\/div>\n<div class=\"s11\"><span class=\"s8\">\u25cb <\/span><strong><span class=\"s13\">Cookies de an\u00e1lisis <\/span><\/strong><span class=\"s4\">La informaci\u00f3n obtenida por medio de estas cookies, sirven para analizar pautas de tr\u00e1fico en la web para proporcionar una mejor experiencia. El Usuario acepta expresamente, por la utilizaci\u00f3n de este Site, el tratamiento de la informaci\u00f3n recabada en la forma y con los fines anteriormente mencionados. Y asimismo reconoce conocer la posibilidad de rechazar el tratamiento de tales datos o informaci\u00f3n rechazando el uso de Cookies mediante la selecci\u00f3n de la configuraci\u00f3n apropiada a tal fin en su navegador. Si bien esta opci\u00f3n de bloqueo de Cookies en su navegador puede no permitirle el uso pleno de todas las funcionalidades del Website.<\/span><\/div>\n<div>&nbsp;<\/div>\n<h4 class=\"s11\"><span class=\"s6\">Administraci\u00f3n de las cookies<\/span><\/h4>\n<p class=\"s5\"><span class=\"s4\">Puedes configurar las cookies al acceder a nuestro panel de control <\/span><span class=\"s15\">Administrar configuraci\u00f3n<\/span><span class=\"s4\">.<\/span><\/p>\n<p class=\"s5\"><span class=\"s4\">Puedes permitir, bloquear o eliminar las cookies instaladas en tu equipo mediante las opciones de configuraci\u00f3n de tu navegador web: Para m\u00e1s informaci\u00f3n sobre el navegador <\/span><a href=\"https:\/\/support.google.com\/chrome\/answer\/95647?hl=es\"><span class=\"s16\">Google Chrome<\/span><\/a><span class=\"s4\"> o <\/span><a href=\"https:\/\/support.microsoft.com\/es\/help\/17442\/windows-internet-explorer-delete-manage-cookies\"><span class=\"s16\">Internet Explorer<\/span><\/a><\/p>\n<p class=\"s5\"><strong><span class=\"s18\">Destinatarios. Comunicaci\u00f3n de los datos<\/span><\/strong><\/p>\n<p class=\"s5\"><span class=\"s4\">Podr\u00e1n comunicarse datos a terceros y siempre de forma an\u00f3nima. <\/span><\/p>\n<p><\/p>\n<p class=\"s5\"><strong><span class=\"s18\">Base jur\u00eddica del tratamiento<\/span><\/strong><\/p>\n<p class=\"s5\"><span class=\"s4\">Consentimiento del interesado.<\/span><\/p>\n<p><\/p>\n<p class=\"s5\"><strong><span class=\"s18\">Conservaci\u00f3n de los datos<\/span><\/strong><\/p>\n<p class=\"s5\"><span class=\"s4\">Algunas de las cookies utilizadas en este sitio web guardar\u00e1n tus datos mientras contin\u00faas con la sesi\u00f3n abierta. Por otra parte los datos extra\u00eddos por cookies de terceros podr\u00e1n ser almacenados durante un per\u00edodo de tiempo variable dependiendo de las pol\u00edticas de Objetivo Inmobiliario para tal efecto. <\/span><\/p>\n<p><\/p>\n<p class=\"s5\"><strong><span class=\"s6\">Responsable del tratamiento<\/span><\/strong><\/p>\n<div class=\"s10\"><span class=\"s8\">\u25cb <\/span><span class=\"s4\">Objetivo Inmobiliario, Sociedad Anonima<\/span><\/div>\n<div class=\"s14\"><span class=\"s8\">\u25cb <\/span><span class=\"s4\">Direcci\u00f3n: 16 Avenida 19-25 zona 10. Centro de Negocios Torino 2. Oficina 607. Guatemala&nbsp;<\/span><\/div>\n<div class=\"s14\"><span class=\"s8\">\u25cb <\/span><span class=\"s4\">Tel\u00e9fono: (+502) 3279-5900<\/span><\/div>\n<div class=\"s11\"><span class=\"s8\">\u25cb <\/span><span class=\"s4\">Email: <\/span><a href=\"mailto:mail@oi502.pro\"><span class=\"s16\">mail@oi502.pro<\/span><\/a><\/div>\n<p class=\"s5\"><span class=\"s4\">Objetivo Inmobiliario, Sociedad An\u00f3nima es la Responsable del tratamiento de los datos personales de los clientes y usuarios.<\/span><\/p>\n<p><\/p>\n<p class=\"s5\"><strong><span class=\"s18\">Derechos que asisten al usuario<\/span><\/strong><\/p>\n<div class=\"s10\"><span class=\"s8\">\u25cb <\/span><span class=\"s4\">Derecho a retirar el consentimiento en cualquier momento.<\/span><\/div>\n<div class=\"s11\"><span class=\"s8\">\u25cb <\/span><span class=\"s4\">Derecho de acceso, rectificaci\u00f3n y supresi\u00f3n de sus datos.<\/span><\/div>\n<p><\/p>\n<p class=\"s19\"><span class=\"s4\">Si tienes dudas sobre la Pol\u00edtica de Cookies, puedes contactar con nosotros a trav\u00e9s de la secci\u00f3n de nuestro email: <\/span><a href=\"mailto:mail@oi502.pro\"><span class=\"s16\">mail@oi502.pro<\/span><\/a><\/p>\n<p class=\"s19\">\n<\/p><p class=\"s19\">\n<\/p>\t\t\t\t\t\t<\/div>\n\t\t\t\t<\/div>\n\t\t\t\t\t<\/div>\n\t\t<\/div>\n\t\t\t\t\t\t\t<\/div>\n\t\t<\/section>\n\t\t\t\t\t\t\t<\/div>\n\t\t","protected":false},"excerpt":{"rendered":"<p>Pol\u00edtica de Cookies En Objetivo Inmobiliario utilizamos cookies con el objetivo de prestar un mejor servicio y proporcionar a los usuarios una mejor experiencia en su navegaci\u00f3n. Queremos informarte detalladamente c\u00f3mo las utilizamos y c\u00f3mo puedes configurarlas o deshabilitarlas si as\u00ed lo deseas. &nbsp; \u00bfQu\u00e9 es una Cookie? Una Cookie es un fichero que se &hellip;<\/p>\n<p class=\"read-more\"> <a class=\"\" href=\"https:\/\/oi502.pro\/index.php\/cookies\/\"> <span class=\"screen-reader-text\">Cookies<\/span> Read More &raquo;<\/a><\/p>\n","protected":false},"author":1,"featured_media":0,"parent":0,"menu_order":0,"comment_status":"closed","ping_status":"closed","template":"","meta":{"site-sidebar-layout":"no-sidebar","site-content-layout":"page-builder","ast-site-content-layout":"full-width-container","site-content-style":"unboxed","site-sidebar-style":"unboxed","ast-global-header-display":"","ast-banner-title-visibility":"","ast-main-header-display":"","ast-hfb-above-header-display":"","ast-hfb-below-header-display":"","ast-hfb-mobile-header-display":"","site-post-title":"disabled","ast-breadcrumbs-content":"","ast-featured-img":"disabled","footer-sml-layout":"","theme-transparent-header-meta":"enabled","adv-header-id-meta":"","stick-header-meta":"","header-above-stick-meta":"","header-main-stick-meta":"","header-below-stick-meta":"","astra-migrate-meta-layouts":"set","footnotes":""},"_links":{"self":[{"href":"https:\/\/oi502.pro\/index.php\/wp-json\/wp\/v2\/pages\/1157"}],"collection":[{"href":"https:\/\/oi502.pro\/index.php\/wp-json\/wp\/v2\/pages"}],"about":[{"href":"https:\/\/oi502.pro\/index.php\/wp-json\/wp\/v2\/types\/page"}],"author":[{"embeddable":true,"href":"https:\/\/oi502.pro\/index.php\/wp-json\/wp\/v2\/users\/1"}],"replies":[{"embeddable":true,"href":"https:\/\/oi502.pro\/index.php\/wp-json\/wp\/v2\/comments?post=1157"}],"version-history":[{"count":10,"href":"https:\/\/oi502.pro\/index.php\/wp-json\/wp\/v2\/pages\/1157\/revisions"}],"predecessor-version":[{"id":1430,"href":"https:\/\/oi502.pro\/index.php\/wp-json\/wp\/v2\/pages\/1157\/revisions\/1430"}],"wp:attachment":[{"href":"https:\/\/oi502.pro\/index.php\/wp-json\/wp\/v2\/media?parent=1157"}],"curies":[{"name":"wp","href":"https:\/\/api.w.org\/{rel}","templated":true}]}}